
{"id":16,"date":"2016-09-28T14:41:33","date_gmt":"2016-09-28T12:41:33","guid":{"rendered":"https:\/\/przedszkole14.edu.wroclaw.pl\/?page_id=16"},"modified":"2023-02-24T11:26:30","modified_gmt":"2023-02-24T10:26:30","slug":"strona-glowna","status":"publish","type":"page","link":"https:\/\/przedszkole14.edu.wroclaw.pl\/","title":{"rendered":"Strona g\u0142\u00f3wna"},"content":{"rendered":"<div class=\"wpb-content-wrapper\"><p>[vc_row row_head_color=&#8221;#575656&#8243;][vc_column text_align=&#8221;center&#8221; offset=&#8221;vc_col-lg-6 vc_col-md-12 vc_col-xs-12&#8243;][vc_column_text]<\/p>\n<h2 style=\"font-size: 36px; color: #2a70cc;\">O Przedszkolu nr 14<\/h2>\n<p>[\/vc_column_text][vc_separator color=&#8221;custom&#8221; align=&#8221;center&#8221; border_width=&#8221;4&#8243; custom_sparator_width=&#8221;155px&#8221; accent_color=&#8221;#2a70cc&#8221;][vc_column_text]<\/p>\n<p style=\"text-align: justify;\"><span style=\"font-family: Times New Roman,serif;\">Budynek naszego zespo\u0142u zosta\u0142 oddany do u\u017cytku w 1960 roku. Mie\u015bci\u0142o si\u0119 w nim przedszkole i \u017c\u0142obek pod zarz\u0105dem WZCH \u201e Chemitex\u201d. W 1997 budynek odp\u0142atnie przekazano Urz\u0119dowi Miasta. Po reorganizacji powsta\u0142 Zesp\u00f3\u0142 \u017b\u0142obkowo &#8211; Przedszkolny. W skutek lipcowej powodzi w 1997 r. budynek uleg\u0142 zniszczeniu. Po trwaj\u0105cym ponad trzy lata remoncie Zesp\u00f3\u0142 wznowi\u0142 swoj\u0105 dzia\u0142alno\u015b\u0107. Powsta\u0142a plac\u00f3wka o wysokim standardzie. Obecnie jest to plac\u00f3wka sk\u0142adaj\u0105ca si\u0119 z czterech oddzia\u0142\u00f3w gdzie przebywaj\u0105 dzieci od 3-ch do 6-ciu lat. Uchwa\u0142\u0105 Rady Miejskiej Wroc\u0142awia Nr LIII\/1329\/14 z dnia 23 stycznia 2014,z dniem 1. 09. 2014 Z\u017bP Nr 2 zosta\u0142 przekszta\u0142cony w Przedszkole nr 14 Kowaliki.<\/span><\/p>\n<p><!--more-->[\/vc_column_text][\/vc_column][vc_column text_align=&#8221;center&#8221; offset=&#8221;vc_col-lg-6 vc_col-md-12 vc_col-xs-12&#8243;][vc_wp_text]<img loading=\"lazy\" decoding=\"async\" class=\" wp-image-37 aligncenter\" src=\"https:\/\/przedszkole14.edu.wroclaw.pl\/wp-content\/uploads\/sites\/23\/2016\/09\/MSZ_5096-1024x683.jpg\" alt=\"msz_5096\" width=\"441\" height=\"294\" srcset=\"https:\/\/przedszkole14.edu.wroclaw.pl\/wp-content\/uploads\/sites\/23\/2016\/09\/MSZ_5096-1024x683.jpg 1024w, https:\/\/przedszkole14.edu.wroclaw.pl\/wp-content\/uploads\/sites\/23\/2016\/09\/MSZ_5096-300x200.jpg 300w, https:\/\/przedszkole14.edu.wroclaw.pl\/wp-content\/uploads\/sites\/23\/2016\/09\/MSZ_5096-768x512.jpg 768w, https:\/\/przedszkole14.edu.wroclaw.pl\/wp-content\/uploads\/sites\/23\/2016\/09\/MSZ_5096-600x400.jpg 600w, https:\/\/przedszkole14.edu.wroclaw.pl\/wp-content\/uploads\/sites\/23\/2016\/09\/MSZ_5096-624x416.jpg 624w\" sizes=\"auto, (max-width: 441px) 100vw, 441px\" \/>[\/vc_wp_text][\/vc_column][\/vc_row][vc_row row_head_color=&#8221;#575656&#8243; css=&#8221;.vc_custom_1429789296533{padding-top: 60px !important;padding-bottom: 30px !important;}&#8221;][vc_column text_align=&#8221;center&#8221; offset=&#8221;vc_col-lg-6 vc_col-md-6 vc_col-xs-12&#8243;][vc_wp_text]<\/p>\n<p style=\"text-align: center;\">&nbsp;<img loading=\"lazy\" decoding=\"async\" class=\"wp-image-47 aligncenter\" src=\"https:\/\/przedszkole14.edu.wroclaw.pl\/wp-content\/uploads\/sites\/23\/2016\/09\/MSZ_5089-1024x683.jpg\" alt=\"msz_5089\" width=\"537\" height=\"359\" srcset=\"https:\/\/przedszkole14.edu.wroclaw.pl\/wp-content\/uploads\/sites\/23\/2016\/09\/MSZ_5089-1024x683.jpg 1024w, https:\/\/przedszkole14.edu.wroclaw.pl\/wp-content\/uploads\/sites\/23\/2016\/09\/MSZ_5089-300x200.jpg 300w, https:\/\/przedszkole14.edu.wroclaw.pl\/wp-content\/uploads\/sites\/23\/2016\/09\/MSZ_5089-768x512.jpg 768w, https:\/\/przedszkole14.edu.wroclaw.pl\/wp-content\/uploads\/sites\/23\/2016\/09\/MSZ_5089-600x400.jpg 600w, https:\/\/przedszkole14.edu.wroclaw.pl\/wp-content\/uploads\/sites\/23\/2016\/09\/MSZ_5089-624x416.jpg 624w\" sizes=\"auto, (max-width: 537px) 100vw, 537px\" \/><\/p>\n<p>[\/vc_wp_text][\/vc_column][vc_column text_align=&#8221;center&#8221; offset=&#8221;vc_col-lg-6 vc_col-md-12 vc_col-xs-12&#8243;][vc_column_text]<\/p>\n<h2 style=\"font-size: 36px; color: #2a70cc;\">Zaplecze<\/h2>\n<p>[\/vc_column_text][vc_separator color=&#8221;custom&#8221; align=&#8221;center&#8221; border_width=&#8221;4&#8243; custom_sparator_width=&#8221;155px&#8221; accent_color=&#8221;#2a70cc&#8221;][vc_column_text]<\/p>\n<div>\n<p style=\"text-align: justify;\"><span style=\"font-family: Times New Roman,serif;\">Pomieszczenia przedszkolne i ich wyposa\u017cenie, w tym \u015brodki dydaktyczne, pozwalaj\u0105 na realizacj\u0119 przyj\u0119tych program\u00f3w oraz koncepcji pracy przedszkola. Nowoczesne meble i&nbsp;k\u0105ciki zainteresowa\u0144, a tak\u017ce atrakcyjne zabawki zach\u0119caj\u0105 dzieci do swobodnej zabawy. Niew\u0105tpliwie ogromnym atutem plac\u00f3wki jest olbrzymi ogr\u00f3d przedszkolny w pe\u0142ni spe\u0142niaj\u0105cy wymogi bezpiecze\u0144stwa, sprzyjaj\u0105cy zabawom na \u015bwie\u017cym powietrzu oraz prowadzeniu obserwacji przyrodniczych.<\/span><\/p>\n<div dir=\"ltr\">\n<div>\n<p style=\"text-align: justify;\"><span style=\"font-family: Times New Roman,serif;\">&nbsp;<\/span><\/p>\n<\/div>\n<\/div>\n<\/div>\n<p>[\/vc_column_text][\/vc_column][\/vc_row]<\/p>\n<\/div>","protected":false},"excerpt":{"rendered":"<p>[vc_row row_head_color=&#8221;#575656&#8243;][vc_column text_align=&#8221;center&#8221; offset=&#8221;vc_col-lg-6 vc_col-md-12 vc_col-xs-12&#8243;][vc_column_text] O Przedszkolu nr 14 [\/vc_column_text][vc_separator color=&#8221;custom&#8221; align=&#8221;center&#8221; border_width=&#8221;4&#8243; custom_sparator_width=&#8221;155px&#8221; accent_color=&#8221;#2a70cc&#8221;][vc_column_text] Budynek naszego zespo\u0142u zosta\u0142 oddany do u\u017cytku w 1960 roku. Mie\u015bci\u0142o si\u0119 w nim [&hellip;]<\/p>\n","protected":false},"author":7,"featured_media":0,"parent":0,"menu_order":0,"comment_status":"closed","ping_status":"closed","template":"","meta":{"ngg_post_thumbnail":0,"footnotes":""},"class_list":["post-16","page","type-page","status-publish","hentry","clearfix"],"_links":{"self":[{"href":"https:\/\/przedszkole14.edu.wroclaw.pl\/index.php\/wp-json\/wp\/v2\/pages\/16","targetHints":{"allow":["GET"]}}],"collection":[{"href":"https:\/\/przedszkole14.edu.wroclaw.pl\/index.php\/wp-json\/wp\/v2\/pages"}],"about":[{"href":"https:\/\/przedszkole14.edu.wroclaw.pl\/index.php\/wp-json\/wp\/v2\/types\/page"}],"author":[{"embeddable":true,"href":"https:\/\/przedszkole14.edu.wroclaw.pl\/index.php\/wp-json\/wp\/v2\/users\/7"}],"replies":[{"embeddable":true,"href":"https:\/\/przedszkole14.edu.wroclaw.pl\/index.php\/wp-json\/wp\/v2\/comments?post=16"}],"version-history":[{"count":19,"href":"https:\/\/przedszkole14.edu.wroclaw.pl\/index.php\/wp-json\/wp\/v2\/pages\/16\/revisions"}],"predecessor-version":[{"id":1753,"href":"https:\/\/przedszkole14.edu.wroclaw.pl\/index.php\/wp-json\/wp\/v2\/pages\/16\/revisions\/1753"}],"wp:attachment":[{"href":"https:\/\/przedszkole14.edu.wroclaw.pl\/index.php\/wp-json\/wp\/v2\/media?parent=16"}],"curies":[{"name":"wp","href":"https:\/\/api.w.org\/{rel}","templated":true}]}}