
{"id":2278,"date":"2026-01-26T13:53:21","date_gmt":"2026-01-26T12:53:21","guid":{"rendered":"https:\/\/przedszkole14.edu.wroclaw.pl\/?page_id=2278"},"modified":"2026-01-27T09:54:59","modified_gmt":"2026-01-27T08:54:59","slug":"ksef","status":"publish","type":"page","link":"https:\/\/przedszkole14.edu.wroclaw.pl\/index.php\/ksef\/","title":{"rendered":"KSeF"},"content":{"rendered":"<p><strong>KSeF \u2013 wystawianie faktur dla <em>Przedszkola nr 14<\/em><\/strong><\/p>\n<p>&nbsp;<\/p>\n<p>Je\u017celi zawarli\u015bcie Pa\u0144stwo umow\u0119 z Gmin\u0105 Wroc\u0142aw , bardzo prosz\u0119 o wystawianie faktur za \u015bwiadczone us\u0142ugi lub dostawy w nast\u0119puj\u0105cy spos\u00f3b:<\/p>\n<p>&nbsp;<\/p>\n<p><strong>Nabywca:<\/strong> Gmina Wroc\u0142aw, NIP 897 13 83 551<\/p>\n<p>plac Nowy Targ 1-8, 50-141 Wroc\u0142aw<\/p>\n<p>&nbsp;<\/p>\n<p><strong>Podmiot inny:<\/strong> <em>Przedszkole nr 14 Kowaliki, NIP 8952033637<\/em><\/p>\n<p>ul. Kwidzy\u0144ska 1, 51-415 Wroc\u0142aw<\/p>\n<p>&nbsp;<\/p>\n<p>Je\u017celi wystawicie Pa\u0144stwo faktur\u0119 w spos\u00f3b wskazany powy\u017cej (tj. podacie Pa\u0144stwo na fakturze dwa numery NIP), faktura trafi z KSeF bezpo\u015brednio do w\u0142a\u015bciwej jednostki. Je\u017celi na fakturze nie b\u0119dzie podanego numeru NIP jednostki, utrudni i wyd\u0142u\u017cy to proces przydzielania faktury do odpowiedniej jednostki.<\/p>\n<p>&nbsp;<\/p>\n<p>Bardzo prosz\u0119 r\u00f3wnie\u017c o podawanie na fakturze numeru umowy\/zam\u00f3wienia.<\/p>\n<p>Powy\u017csze zasady dotycz\u0105 faktur wystawionych za po\u015brednictwem KSeF od dnia 01 lutego 2026 r.<\/p>\n","protected":false},"excerpt":{"rendered":"<p>KSeF \u2013 wystawianie faktur dla Przedszkola nr 14 &nbsp; Je\u017celi zawarli\u015bcie Pa\u0144stwo umow\u0119 z Gmin\u0105 Wroc\u0142aw , bardzo prosz\u0119 o wystawianie faktur za \u015bwiadczone us\u0142ugi lub dostawy w nast\u0119puj\u0105cy spos\u00f3b: [&hellip;]<\/p>\n","protected":false},"author":15,"featured_media":0,"parent":0,"menu_order":0,"comment_status":"closed","ping_status":"closed","template":"","meta":{"ngg_post_thumbnail":0,"footnotes":""},"class_list":["post-2278","page","type-page","status-publish","hentry","clearfix"],"_links":{"self":[{"href":"https:\/\/przedszkole14.edu.wroclaw.pl\/index.php\/wp-json\/wp\/v2\/pages\/2278","targetHints":{"allow":["GET"]}}],"collection":[{"href":"https:\/\/przedszkole14.edu.wroclaw.pl\/index.php\/wp-json\/wp\/v2\/pages"}],"about":[{"href":"https:\/\/przedszkole14.edu.wroclaw.pl\/index.php\/wp-json\/wp\/v2\/types\/page"}],"author":[{"embeddable":true,"href":"https:\/\/przedszkole14.edu.wroclaw.pl\/index.php\/wp-json\/wp\/v2\/users\/15"}],"replies":[{"embeddable":true,"href":"https:\/\/przedszkole14.edu.wroclaw.pl\/index.php\/wp-json\/wp\/v2\/comments?post=2278"}],"version-history":[{"count":5,"href":"https:\/\/przedszkole14.edu.wroclaw.pl\/index.php\/wp-json\/wp\/v2\/pages\/2278\/revisions"}],"predecessor-version":[{"id":2284,"href":"https:\/\/przedszkole14.edu.wroclaw.pl\/index.php\/wp-json\/wp\/v2\/pages\/2278\/revisions\/2284"}],"wp:attachment":[{"href":"https:\/\/przedszkole14.edu.wroclaw.pl\/index.php\/wp-json\/wp\/v2\/media?parent=2278"}],"curies":[{"name":"wp","href":"https:\/\/api.w.org\/{rel}","templated":true}]}}